{"id":66,"date":"2022-06-17T19:16:41","date_gmt":"2022-06-17T17:16:41","guid":{"rendered":"https:\/\/form.advobox.com\/kanzleiheil-dillingen\/?page_id=66"},"modified":"2022-06-19T17:29:40","modified_gmt":"2022-06-19T15:29:40","slug":"flugverspaetung","status":"publish","type":"page","link":"https:\/\/form.advobox.com\/kanzleiheil-dillingen\/flugverspaetung\/","title":{"rendered":"Flugversp\u00e4tung"},"content":{"rendered":"\n<div class=\"wp-block-buttons is-layout-flex wp-block-buttons-is-layout-flex\">\n<div class=\"wp-block-button has-custom-width wp-block-button__width-75 is-style-outline is-style-outline--1\"><a class=\"wp-block-button__link\" href=\"https:\/\/form.advobox.com\/kanzleiheil-dillingen\/anspruchsanmeldung-flugverspaetung\/\">Kontaktieren Sie uns jetzt!<\/a><\/div>\n<\/div>\n\n\n\n<hr class=\"wp-block-separator has-alpha-channel-opacity\" \/>\n\n\n\n<div class=\"wp-block-media-text alignfull has-media-on-the-right is-stacked-on-mobile\"><figure class=\"wp-block-media-text__media\"><img loading=\"lazy\" decoding=\"async\" width=\"1024\" height=\"710\" src=\"https:\/\/form.advobox.com\/kanzleiheil-dillingen\/wp-content\/uploads\/sites\/3\/2022\/06\/flight-final-call-2021-09-02-05-59-43-utc-1024x710.jpg\" alt=\"\" class=\"wp-image-86 size-full\" srcset=\"https:\/\/form.advobox.com\/kanzleiheil-dillingen\/wp-content\/uploads\/sites\/3\/2022\/06\/flight-final-call-2021-09-02-05-59-43-utc-1024x710.jpg 1024w, https:\/\/form.advobox.com\/kanzleiheil-dillingen\/wp-content\/uploads\/sites\/3\/2022\/06\/flight-final-call-2021-09-02-05-59-43-utc-300x208.jpg 300w, https:\/\/form.advobox.com\/kanzleiheil-dillingen\/wp-content\/uploads\/sites\/3\/2022\/06\/flight-final-call-2021-09-02-05-59-43-utc-768x532.jpg 768w, https:\/\/form.advobox.com\/kanzleiheil-dillingen\/wp-content\/uploads\/sites\/3\/2022\/06\/flight-final-call-2021-09-02-05-59-43-utc-1536x1065.jpg 1536w, https:\/\/form.advobox.com\/kanzleiheil-dillingen\/wp-content\/uploads\/sites\/3\/2022\/06\/flight-final-call-2021-09-02-05-59-43-utc-570x395.jpg 570w, https:\/\/form.advobox.com\/kanzleiheil-dillingen\/wp-content\/uploads\/sites\/3\/2022\/06\/flight-final-call-2021-09-02-05-59-43-utc.jpg 1923w\" sizes=\"auto, (max-width: 1024px) 100vw, 1024px\" \/><\/figure><div class=\"wp-block-media-text__content\">\n<p class=\"has-large-font-size\">Rechtliche Informationen:<\/p>\n\n\n\n<p>Wenn der Flug ausf\u00e4llt ist das nicht nur nervig, sondern es enstehen Ihnen eine ganze Reihe von Unannehmlichkeiten und Zusatzkosten. Sie sind aber auch am Flughafen nicht schutzlos. Wenn Ihr Flug ausf\u00e4llt gibt es unter bestimmten Voraussetzungen einen Anspruch auf Entsch\u00e4digung und Verpflegung. Das bedeutet, dass die Airline Ihnen zun\u00e4chst einmal z.B. Getr\u00e4nke anbieten muss und ab einer gewissen Dauer Sie auch einen Geldanspruch haben, unabh\u00e4ngig davon, was Ihr Flug gekostet hat.<\/p>\n\n\n\n<p>F\u00fcr einen solchen  Entsch\u00e4digungsanspruch, den Sie hier folgend anmelden k\u00f6nnen, gibt es 3 Voraussetzungen:<br><br>1. Der Flug muss sich l\u00e4nger als 3 Stunden versp\u00e4tet haben oder annuliert worden sein<br>2. Sie sin aus einem Mitgliedsstaat der EU gestartet oder gelandet <br>3. Die Airline hat Ihren Sitz in einem Mitgliedstaat der EU<\/p>\n\n\n\n<p>WICHTIG: <\/p>\n\n\n\n<ul class=\"wp-block-list\"><li>Lassen Sie sich die Versp\u00e4tung direkt am Flughafen quittieren (am besten mit einem Grund)<\/li><li>Heben Sie alle Belege f\u00fcr Verpflegungsleistungen (Essen, Trinken, Hotel, etc.) gut auf<\/li><li>Die Anspr\u00fcche verj\u00e4hren innerhalb von 3 Jahren<\/li><\/ul>\n\n\n\n<p>Im Falle eines Entsch\u00e4digungsanspruches k\u00f6nnen Sie von der Airline<br><br>bei einem Kurzstreckenflug (bis zu 1.500km), pro Person &#8211; 250 \u20ac,<br>bei einem Mittelstrecken flug (1.500 bis 3.500km), pro Person &#8211; 400 \u20ac und<br>bei einem Langstreckenflug (\u00fcber 3.500km) pro Person &#8211; 600 \u20ac verlangen.<\/p>\n<\/div><\/div>\n\n\n\n<hr class=\"wp-block-separator has-alpha-channel-opacity\" \/>\n\n\n\n<div class=\"wp-block-buttons is-layout-flex wp-block-buttons-is-layout-flex\">\n<div class=\"wp-block-button has-custom-width wp-block-button__width-75 is-style-outline is-style-outline--2\"><a class=\"wp-block-button__link\" href=\"https:\/\/form.advobox.com\/kanzleiheil-dillingen\/anspruchsanmeldung-flugverspaetung\/\"><strong>Kontaktieren Sie uns jetzt!<\/strong><\/a><\/div>\n<\/div>\n","protected":false},"excerpt":{"rendered":"<p>Rechtliche Informationen: Wenn der Flug ausf\u00e4llt ist das nicht nur nervig, sondern es enstehen Ihnen eine ganze Reihe von Unannehmlichkeiten und Zusatzkosten. Sie sind aber auch am Flughafen nicht schutzlos. Wenn Ihr Flug ausf\u00e4llt gibt es unter bestimmten Voraussetzungen einen Anspruch auf Entsch\u00e4digung und Verpflegung. Das bedeutet, dass die Airline Ihnen zun\u00e4chst einmal z.B. Getr\u00e4nke [&hellip;]<\/p>\n","protected":false},"author":3,"featured_media":0,"parent":0,"menu_order":0,"comment_status":"closed","ping_status":"closed","template":"","meta":{"footnotes":""},"class_list":["post-66","page","type-page","status-publish","czr-hentry"],"_links":{"self":[{"href":"https:\/\/form.advobox.com\/kanzleiheil-dillingen\/wp-json\/wp\/v2\/pages\/66","targetHints":{"allow":["GET"]}}],"collection":[{"href":"https:\/\/form.advobox.com\/kanzleiheil-dillingen\/wp-json\/wp\/v2\/pages"}],"about":[{"href":"https:\/\/form.advobox.com\/kanzleiheil-dillingen\/wp-json\/wp\/v2\/types\/page"}],"author":[{"embeddable":true,"href":"https:\/\/form.advobox.com\/kanzleiheil-dillingen\/wp-json\/wp\/v2\/users\/3"}],"replies":[{"embeddable":true,"href":"https:\/\/form.advobox.com\/kanzleiheil-dillingen\/wp-json\/wp\/v2\/comments?post=66"}],"version-history":[{"count":14,"href":"https:\/\/form.advobox.com\/kanzleiheil-dillingen\/wp-json\/wp\/v2\/pages\/66\/revisions"}],"predecessor-version":[{"id":119,"href":"https:\/\/form.advobox.com\/kanzleiheil-dillingen\/wp-json\/wp\/v2\/pages\/66\/revisions\/119"}],"wp:attachment":[{"href":"https:\/\/form.advobox.com\/kanzleiheil-dillingen\/wp-json\/wp\/v2\/media?parent=66"}],"curies":[{"name":"wp","href":"https:\/\/api.w.org\/{rel}","templated":true}]}}